{"id":9,"date":"2021-02-01T20:03:21","date_gmt":"2021-02-01T19:03:21","guid":{"rendered":"http:\/\/ecopolealimentaire.fr\/?page_id=9"},"modified":"2023-02-21T12:13:39","modified_gmt":"2023-02-21T11:13:39","slug":"blog","status":"publish","type":"page","link":"https:\/\/ecopolealimentaire.fr\/?page_id=9","title":{"rendered":"Actualit\u00e9s"},"content":{"rendered":"\n<p><strong>Visites apprenantes 2023<\/strong><br>D\u00e9couvrez nos activit\u00e9s :<br>&#8211; sur le Bassin minier, journ\u00e9e &#8220;Place \u00e0 vivres&#8221; : vendredis 31 mars et  8 septembre \/ <a href=\"mailto:emasclin@angesgardins.fr\" data-type=\"mailto\" data-id=\"mailto:emasclin@angesgardins.fr\" target=\"_blank\" rel=\"noreferrer noopener\">Infos &amp; r\u00e9servation<\/a><br>&#8211; sur le littoral, journ\u00e9e &#8220;Ecop\u00f4le alimentaire&#8221; : vendredis 12 mai et 29 septembre \/ <a href=\"mailto:adubois@angesgardins.fr\" data-type=\"mailto\" data-id=\"mailto:adubois@angesgardins.fr\" target=\"_blank\" rel=\"noreferrer noopener\">Infos &amp; r\u00e9servation<\/a><\/p>\n\n\n\n<div class=\"wp-block-group\"><div class=\"wp-block-group__inner-container\">\n<div class=\"wp-block-image\"><figure class=\"aligncenter size-full\"><img loading=\"lazy\" width=\"512\" height=\"724\" src=\"http:\/\/ecopolealimentaire.fr\/wp-content\/uploads\/2023\/02\/unnamed-3.jpg\" alt=\"\" class=\"wp-image-254\" srcset=\"https:\/\/ecopolealimentaire.fr\/wp-content\/uploads\/2023\/02\/unnamed-3.jpg 512w, https:\/\/ecopolealimentaire.fr\/wp-content\/uploads\/2023\/02\/unnamed-3-212x300.jpg 212w\" sizes=\"(max-width: 512px) 100vw, 512px\" \/><\/figure><\/div>\n\n\n\n<div class=\"wp-block-image\"><figure class=\"aligncenter size-full\"><img loading=\"lazy\" width=\"512\" height=\"724\" src=\"http:\/\/ecopolealimentaire.fr\/wp-content\/uploads\/2023\/02\/unnamed-2.jpg\" alt=\"\" class=\"wp-image-253\" srcset=\"https:\/\/ecopolealimentaire.fr\/wp-content\/uploads\/2023\/02\/unnamed-2.jpg 512w, https:\/\/ecopolealimentaire.fr\/wp-content\/uploads\/2023\/02\/unnamed-2-212x300.jpg 212w\" sizes=\"(max-width: 512px) 100vw, 512px\" \/><\/figure><\/div>\n<\/div><\/div>\n\n\n\n<p><strong>POUR LA TRANSITION ECOLOGIQUE ET SOCIALE DE L\u2019ECONOMIE TERRITORIALE<\/strong><br>Le r\u00e9f\u00e9rentiel &#8220;Ecop\u00f4le alimentaire&#8221; \u00e0 d\u00e9couvrir dans nos <a href=\"http:\/\/ecopolealimentaire.fr\/?page_id=167\" data-type=\"URL\" data-id=\"http:\/\/ecopolealimentaire.fr\/?page_id=167\" target=\"_blank\" rel=\"noreferrer noopener\">ressources<\/a><\/p>\n\n\n\n<h1>&#8212;&#8212;&#8212;&#8212;&#8211; <strong><em>2022<\/em><\/strong> &#8212;&#8212;&#8212;&#8212;&#8211;<\/h1>\n\n\n\n<p><strong>Derni\u00e8res visites apprenantes de l&#8217;ann\u00e9e<\/strong><br>Sur le th\u00e8me de la transition alimentaire, \u00e9cologique et solidaire<br>D\u00e9couvrez nos activit\u00e9s :<br>&#8211; sur le Bassin minier, journ\u00e9e &#8220;Place \u00e0 vivres&#8221; : vendredis 7 septembre et 2 d\u00e9cembre<br>&#8211; sur le littoral, journ\u00e9e &#8220;Ecop\u00f4le alimentaire&#8221; : vendredi 25 novembre<br><em>Voir d\u00e9tails sur les visuels ci-dessous<\/em><\/p>\n\n\n\n<p class=\"has-text-align-left\"><strong>Porte Ouverte \u00e0 l&#8217;Ecop\u00f4le alimentaire de la r\u00e9gion d&#8217;Audruicq<\/strong><br>Pas-de-Calais, 62162 Vieille-Eglise<br>Samedi 4 juin<br>Journ\u00e9e d&#8217;animations pour tous de 10 \u00e0 17 h<br>Restauration et parking sur place<br><a rel=\"noreferrer noopener\" href=\"http:\/\/ecopolealimentaire.fr\/wp-content\/uploads\/2022\/05\/Flyer-Rdv-aux-Jardins-2022.pdf\" target=\"_blank\">Programme et infos<\/a><\/p>\n\n\n\n<p class=\"has-text-align-left\"><strong>Visites apprenantes dans le Pas-de-Calais <\/strong><br>Sur le th\u00e8me de la transition alimentaire, \u00e9cologique et solidaire<\/p>\n\n\n\n<figure class=\"wp-block-image size-large\"><a href=\"http:\/\/ecopolealimentaire.fr\/?attachment_id=180\"><img loading=\"lazy\" width=\"630\" height=\"893\" src=\"http:\/\/ecopolealimentaire.fr\/wp-content\/uploads\/2022\/03\/Capture-decran-2022-03-10-150346.jpg\" alt=\"\" class=\"wp-image-180\" srcset=\"https:\/\/ecopolealimentaire.fr\/wp-content\/uploads\/2022\/03\/Capture-decran-2022-03-10-150346.jpg 630w, https:\/\/ecopolealimentaire.fr\/wp-content\/uploads\/2022\/03\/Capture-decran-2022-03-10-150346-212x300.jpg 212w\" sizes=\"(max-width: 630px) 100vw, 630px\" \/><\/a><\/figure>\n\n\n\n<figure class=\"wp-block-image size-large\"><img loading=\"lazy\" width=\"633\" height=\"895\" src=\"http:\/\/ecopolealimentaire.fr\/wp-content\/uploads\/2022\/03\/Capture-decran-2022-03-10-150412.jpg\" alt=\"\" class=\"wp-image-181\" srcset=\"https:\/\/ecopolealimentaire.fr\/wp-content\/uploads\/2022\/03\/Capture-decran-2022-03-10-150412.jpg 633w, https:\/\/ecopolealimentaire.fr\/wp-content\/uploads\/2022\/03\/Capture-decran-2022-03-10-150412-212x300.jpg 212w\" sizes=\"(max-width: 633px) 100vw, 633px\" \/><\/figure>\n\n\n\n<p><strong>Vid\u00e9o R\u00e9seau Cocagne &#8211; Ecop\u00f4le alimentaire de la r\u00e9gion d&#8217;Audruicq<\/strong> :<\/p>\n\n\n\n<figure class=\"wp-block-embed-youtube wp-block-embed is-type-video is-provider-youtube wp-embed-aspect-16-9 wp-has-aspect-ratio\"><div class=\"wp-block-embed__wrapper\">\n<iframe title=\"L&#039;\u00e9cop\u00f4le d&#039;Audruicq\" width=\"525\" height=\"295\" src=\"https:\/\/www.youtube.com\/embed\/TxZsMhGJfXE?start=4&#038;feature=oembed\" frameborder=\"0\" allow=\"accelerometer; autoplay; clipboard-write; encrypted-media; gyroscope; picture-in-picture; web-share\" allowfullscreen><\/iframe>\n<\/div><\/figure>\n\n\n\n<p><strong>Vid\u00e9o CERDD &#8211; Ecop\u00f4le alimentaire de Gohelle<\/strong> :<\/p>\n\n\n\n<figure class=\"wp-block-embed-youtube wp-block-embed is-type-video is-provider-youtube wp-embed-aspect-16-9 wp-has-aspect-ratio\"><div class=\"wp-block-embed__wrapper\">\n<iframe title=\"\u00c9cop\u00f4le alimentaire de Gohelle\" width=\"525\" height=\"295\" src=\"https:\/\/www.youtube.com\/embed\/aGfFOBpSQTo?start=7&#038;feature=oembed\" frameborder=\"0\" allow=\"accelerometer; autoplay; clipboard-write; encrypted-media; gyroscope; picture-in-picture; web-share\" allowfullscreen><\/iframe>\n<\/div><\/figure>\n\n\n\n<p><strong>Vid\u00e9o R\u00e9seau Cocagne &#8211; Ecop\u00f4le alimentaire Nord Toulousain<\/strong> :<\/p>\n\n\n\n<figure class=\"wp-block-embed-youtube wp-block-embed is-type-video is-provider-youtube wp-embed-aspect-16-9 wp-has-aspect-ratio\"><div class=\"wp-block-embed__wrapper\">\n<iframe title=\"Ecopole du Nord Toulousain\" width=\"525\" height=\"295\" src=\"https:\/\/www.youtube.com\/embed\/7SnX4YV59SY?feature=oembed\" frameborder=\"0\" allow=\"accelerometer; autoplay; clipboard-write; encrypted-media; gyroscope; picture-in-picture; web-share\" allowfullscreen><\/iframe>\n<\/div><\/figure>\n\n\n\n<p><\/p>\n\n\n\n<p>Juillet 2021<br><strong>Appel \u00e0 Manifestation d&#8217;Int\u00e9r\u00eat &#8220;Fabrique de nouveaux territoires Cocagne&#8221;<\/strong><br>Les \u00e9copoles alimentaires sont une des pistes de d\u00e9veloppement de cet Appel \u00e0 Manifestation d\u2019Int\u00e9r\u00eat du R\u00e9seau Cocagne.<br>Date limite : 30 septembre !<br>Pour en savoir plus : <a rel=\"noreferrer noopener\" href=\"http:\/\/www.reseaucocagne.asso.fr\/appel-a-participation-la-fabrique-de-nouveaux-territoires-cocagne\/\" target=\"_blank\">http:\/\/www.reseaucocagne.asso.fr\/appel-a-participation-la-fabrique-de-nouveaux-territoires-cocagne\/<\/a><\/p>\n\n\n\n<figure class=\"wp-block-image size-large\"><a href=\"http:\/\/www.reseaucocagne.asso.fr\/appel-a-participation-la-fabrique-de-nouveaux-territoires-cocagne\/\" target=\"_blank\" rel=\"noopener noreferrer\"><img loading=\"lazy\" width=\"1024\" height=\"655\" src=\"http:\/\/ecopolealimentaire.fr\/wp-content\/uploads\/2021\/07\/coc-1024x655.png\" alt=\"\" class=\"wp-image-157\" srcset=\"https:\/\/ecopolealimentaire.fr\/wp-content\/uploads\/2021\/07\/coc-1024x655.png 1024w, https:\/\/ecopolealimentaire.fr\/wp-content\/uploads\/2021\/07\/coc-300x192.png 300w, https:\/\/ecopolealimentaire.fr\/wp-content\/uploads\/2021\/07\/coc-768x491.png 768w, https:\/\/ecopolealimentaire.fr\/wp-content\/uploads\/2021\/07\/coc.png 1229w\" sizes=\"(max-width: 767px) 89vw, (max-width: 1000px) 54vw, (max-width: 1071px) 543px, 580px\" \/><\/a><\/figure>\n\n\n\n<p><\/p>\n\n\n\n<p>1<sup>er<\/sup> f\u00e9vrier 2021<br>Nous sommes laur\u00e9ats de la vague 4 de l&#8217;Appel \u00e0 manifestation d&#8217;int\u00e9r\u00eat &#8220;Fabriques de territoires&#8221; de l&#8217;Agence nationale de la coh\u00e9sion des territoires. C&#8217;est une tr\u00e8s bonne nouvelle et un encouragement r\u00e9el au d\u00e9veloppement de notre projet de &#8220;Place \u00e0 vivres&#8221; !<\/p>\n\n\n\n<figure class=\"wp-block-image size-large\"><img loading=\"lazy\" width=\"699\" height=\"1024\" src=\"http:\/\/ecopolealimentaire.fr\/wp-content\/uploads\/2021\/02\/image-1-699x1024.png\" alt=\"\" class=\"wp-image-132\" srcset=\"https:\/\/ecopolealimentaire.fr\/wp-content\/uploads\/2021\/02\/image-1-699x1024.png 699w, https:\/\/ecopolealimentaire.fr\/wp-content\/uploads\/2021\/02\/image-1-205x300.png 205w, https:\/\/ecopolealimentaire.fr\/wp-content\/uploads\/2021\/02\/image-1.png 734w\" sizes=\"(max-width: 699px) 100vw, 699px\" \/><\/figure>\n\n\n\n<p><a href=\"https:\/\/societenumerique.gouv.fr\/wp-content\/uploads\/2021\/02\/Liste-Fabriques-de-Territoire-Vague-4.pdf\">https:\/\/societenumerique.gouv.fr\/wp-content\/uploads\/2021\/02\/Liste-Fabriques-de-Territoire-Vague-4.pdf<\/a><\/p>\n","protected":false},"excerpt":{"rendered":"<p>Visites apprenantes 2023D\u00e9couvrez nos activit\u00e9s :&#8211; sur le Bassin minier, journ\u00e9e &#8220;Place \u00e0 vivres&#8221; : vendredis 31 mars et 8 septembre \/ Infos &amp; r\u00e9servation&#8211; sur le littoral, journ\u00e9e &#8220;Ecop\u00f4le alimentaire&#8221; : vendredis 12 mai et 29 septembre \/ Infos &amp; r\u00e9servation POUR LA TRANSITION ECOLOGIQUE ET SOCIALE DE L\u2019ECONOMIE TERRITORIALELe r\u00e9f\u00e9rentiel &#8220;Ecop\u00f4le alimentaire&#8221; \u00e0 &hellip; <\/p>\n<p class=\"link-more\"><a href=\"https:\/\/ecopolealimentaire.fr\/?page_id=9\" class=\"more-link\">Continue reading<span class=\"screen-reader-text\"> &#8220;Actualit\u00e9s&#8221;<\/span><\/a><\/p>\n","protected":false},"author":1,"featured_media":0,"parent":0,"menu_order":0,"comment_status":"closed","ping_status":"closed","template":"","meta":[],"_links":{"self":[{"href":"https:\/\/ecopolealimentaire.fr\/index.php?rest_route=\/wp\/v2\/pages\/9"}],"collection":[{"href":"https:\/\/ecopolealimentaire.fr\/index.php?rest_route=\/wp\/v2\/pages"}],"about":[{"href":"https:\/\/ecopolealimentaire.fr\/index.php?rest_route=\/wp\/v2\/types\/page"}],"author":[{"embeddable":true,"href":"https:\/\/ecopolealimentaire.fr\/index.php?rest_route=\/wp\/v2\/users\/1"}],"replies":[{"embeddable":true,"href":"https:\/\/ecopolealimentaire.fr\/index.php?rest_route=%2Fwp%2Fv2%2Fcomments&post=9"}],"version-history":[{"count":21,"href":"https:\/\/ecopolealimentaire.fr\/index.php?rest_route=\/wp\/v2\/pages\/9\/revisions"}],"predecessor-version":[{"id":263,"href":"https:\/\/ecopolealimentaire.fr\/index.php?rest_route=\/wp\/v2\/pages\/9\/revisions\/263"}],"wp:attachment":[{"href":"https:\/\/ecopolealimentaire.fr\/index.php?rest_route=%2Fwp%2Fv2%2Fmedia&parent=9"}],"curies":[{"name":"wp","href":"https:\/\/api.w.org\/{rel}","templated":true}]}}