{"id":7,"date":"2021-02-01T20:03:21","date_gmt":"2021-02-01T19:03:21","guid":{"rendered":"http:\/\/ecopolealimentaire.fr\/?page_id=7"},"modified":"2022-03-10T16:42:51","modified_gmt":"2022-03-10T15:42:51","slug":"a-propos-de","status":"publish","type":"page","link":"https:\/\/ecopolealimentaire.fr\/?page_id=7","title":{"rendered":"Pr\u00e9sentation"},"content":{"rendered":"\n<p>L\u2019Ecop\u00f4le alimentaire, p\u00f4le territorial de coop\u00e9ration \u00e9conomique (PTCE) labellis\u00e9 au plan national, est n\u00e9 en <a rel=\"noreferrer noopener\" href=\"https:\/\/rnpat.fr\/territoire\/region-daudruicq\/\" data-type=\"URL\" data-id=\"https:\/\/rnpat.fr\/territoire\/region-daudruicq\/\" target=\"_blank\">r\u00e9gion d\u2019Audruicq<\/a> (62) avec le soutien de la <a rel=\"noreferrer noopener\" href=\"https:\/\/www.ccra.fr\/\" data-type=\"URL\" data-id=\"https:\/\/www.ccra.fr\/\" target=\"_blank\">Communaut\u00e9 de Communes de la R\u00e9gion d&#8217;Audruicq<\/a>. Il a ensuite \u00e9t\u00e9 d\u00e9velopp\u00e9 en <strong>coeur de Bassin minier<\/strong>&nbsp; dans le cadre du <a rel=\"noreferrer noopener\" href=\"https:\/\/www.agglo-lenslievin.fr\/wp-content\/uploads\/2019\/08\/190702-dp-fte-paysanne.pdf\" data-type=\"URL\" data-id=\"https:\/\/www.agglo-lenslievin.fr\/wp-content\/uploads\/2019\/08\/190702-dp-fte-paysanne.pdf\" target=\"_blank\">Syst\u00e8me Alimentaire Territorial Durable<\/a> de la <a rel=\"noreferrer noopener\" href=\"https:\/\/www.agglo-lenslievin.fr\/\" data-type=\"URL\" data-id=\"https:\/\/www.agglo-lenslievin.fr\/\" target=\"_blank\">Communaut\u00e9&nbsp;d\u2019Agglom\u00e9ration&nbsp;de Lens-Li\u00e9vin<\/a>.<br>L&#8217;Ecop\u00f4le alimentaire r\u00e9unit des parties prenantes d&#8217;un &#8220;avenir alimentaire souhait\u00e9 \u00bb (durable, de qualit\u00e9, favorable \u00e0 la sant\u00e9, r\u00e9solument inclusif) pour :<\/p>\n\n\n\n<div class=\"wp-block-group\"><div class=\"wp-block-group__inner-container\">\n<div class=\"wp-block-image\"><figure class=\"aligncenter size-large\"><a href=\"https:\/\/www.territoires-cocagne.fr\/services-territoires\" target=\"_blank\" rel=\"noopener noreferrer\"><img loading=\"lazy\" width=\"802\" height=\"493\" src=\"http:\/\/ecopolealimentaire.fr\/wp-content\/uploads\/2022\/03\/Ecopole-vdefweb.jpg\" alt=\"\" class=\"wp-image-203\" srcset=\"https:\/\/ecopolealimentaire.fr\/wp-content\/uploads\/2022\/03\/Ecopole-vdefweb.jpg 802w, https:\/\/ecopolealimentaire.fr\/wp-content\/uploads\/2022\/03\/Ecopole-vdefweb-300x184.jpg 300w, https:\/\/ecopolealimentaire.fr\/wp-content\/uploads\/2022\/03\/Ecopole-vdefweb-768x472.jpg 768w\" sizes=\"(max-width: 767px) 89vw, (max-width: 1000px) 54vw, (max-width: 1071px) 543px, 580px\" \/><\/a><\/figure><\/div>\n<\/div><\/div>\n\n\n\n<p>Les \u00e9cop\u00f4les associent 4 fonctions :<\/p>\n\n\n\n<div class=\"wp-block-group\"><div class=\"wp-block-group__inner-container\">\n<ol><li>Renforcer l&#8217;efficacit\u00e9 des syst\u00e8mes alimentaire territorialis\u00e9s, durables, en l&#8217;agriculture biologique : mises en culture concert\u00e9es, service de livraison mutualis\u00e9, d\u00e9veloppement de solutions de stockage et de transformation au service de tous les producteurs AB, pr\u00e9sentations \u00e0 la vente innovante, contractualisations avec les usagers (particuliers, collectivit\u00e9s, commerces de proximit\u00e9),<br><br><\/li><li>Rendre l\u2019alimentation durable accessible, \u00e9conomiquement, culturellement, au plus grand nombre : d\u00e9veloppement des paniers solidaires, d\u00e9multiplication de nos activit\u00e9s de transmission des savoir-faire de base vivriers et culinaires, cr\u00e9ation d&#8217;un r\u00e9seau de &#8220;micro-fermes servicielles&#8221; proches des citadins \u00e0 l\u2019exemple de la Microferme Cocagne de Gohelle \u00e9tablie \u00e0 Loos-en-Gohelle \u2026 Et d\u00e9veloppement de \u00ab places \u00e0 vivres \u00bb, v\u00e9ritables lieux d\u2019int\u00e9ressement du public aux enjeux et solutions en vue bien vivre alimentaire et \u00e0 l\u2019\u00e9mancipation des personnes \u00e9loign\u00e9es de ces questions pour des raisons socio-\u00e9conomiques,<br><br><\/li><li>Accompagner la cr\u00e9ation d\u2019emplois et la professionnalisation autour des m\u00e9tiers de l\u2019agriculture et de l\u2019alimentation durable et solidaire : \u00e0 travers les parcours en insertion, faire d\u00e9couvrir la diversit\u00e9 des m\u00e9tiers de l\u2019alimentation durable (production, logistique, transformation, animation, etc.), accompagner les personnes souhaitant d\u00e9velopper un projet professionnel dans ce domaine, au travers d\u2019outils nouveaux tels que la coop\u00e9rative d&#8217;activit\u00e9 et d&#8217;emploi, permettant ainsi \u00e0 certains ouvriers agricoles en insertion de s&#8217;installer et de renforcer l\u2019activit\u00e9 de production compl\u00e9mentaire assur\u00e9e par les producteurs existants. Les Ecop\u00f4les sont aussi ouverts sur le territoire : ateliers, accueil de visites apprenantes ou de stages en lien avec des partenaires du territoire (centres sociaux, \u00e9tablissements d\u2019enseignement agricole, etc.),<br><br><\/li><li>La recherche et d\u00e9veloppement, l\u2019\u00e9valuation de l&#8217;int\u00e9r\u00eat soci\u00e9tal de nos actions, l&#8217;enrichissement conceptuel susceptible d&#8217;\u00e9maner de toutes ces initiatives, en vue d&#8217;une possible \u00e9tendue de tout ou partie des pratiques \u00e0 d&#8217;autres territoires de projet. Nous. enracinons notre action dans une pens\u00e9e conceptuelle r\u00e9solument neuve de l\u2019\u00e9conomie empruntant fortement \u00e0 l\u2019Economie des Fonctionnalit\u00e9s et de la Coop\u00e9ration. A cet effet, les Ecop\u00f4les ont notamment pour r\u00f4le d\u2019enrichir d\u2019autres territoires de leur exp\u00e9rience.<\/li><\/ol>\n<\/div><\/div>\n\n\n\n<p><\/p>\n\n\n\n<p>Nous entendons inventer de nouvelles formes d\u2019organisation locale et d\u2019\u00e9conomie permettant la prise en compte simultan\u00e9e des questions essentielles d\u2019alimentation, de sant\u00e9, d\u2019\u00e9cologie et d\u2019emplois.&nbsp;<\/p>\n\n\n\n<p>Cette approche syst\u00e9mique a pris une importance particuli\u00e8re depuis la crise sanitaire. Nous la pensons pertinente, imp\u00e9rieuse dans la perspective des forts&nbsp;bouleversements impos\u00e9s par les&nbsp;changements climatiques.<br>Pour cette raison, apr\u00e8s une premi\u00e8re sollicitation de nos amis de <a rel=\"noreferrer noopener\" href=\"https:\/\/cocagnehautegaronne.org\/\" data-type=\"URL\" data-id=\"https:\/\/cocagnehautegaronne.org\/\" target=\"_blank\">Cocagne Haute-Garonne<\/a>, qui ambitionne de monter un <strong>projet similaire<\/strong> et en lien avec les instances du <a rel=\"noreferrer noopener\" href=\"http:\/\/www.reseaucocagne.asso.fr\/wp-content\/uploads\/2020\/02\/dp-28-sept_-2018-territoiresinnovationsociale.pdf\" data-type=\"URL\" data-id=\"http:\/\/www.reseaucocagne.asso.fr\/wp-content\/uploads\/2020\/02\/dp-28-sept_-2018-territoiresinnovationsociale.pdf\" target=\"_blank\">R\u00e9seau Cocagne<\/a> auquel nous sommes affili\u00e9s, un projet de d\u00e9ploiement du concept sur la France est pr\u00e9vu.<br>Un r\u00e9f\u00e9rentiel s\u2019appuyant sur nos premi\u00e8res exp\u00e9riences est en cours de r\u00e9daction.&nbsp;Pour obtenir le r\u00e9f\u00e9rentiel, envoyez une demande par <a href=\"mailto:contact@ecopolealimentaire.fr\" data-type=\"mailto\" data-id=\"mailto:contact@ecopolealimentaire.fr\" target=\"_blank\" rel=\"noreferrer noopener\">mail<\/a> avec un rapide expos\u00e9 motivant raison ou projet.<br><\/p>\n\n\n\n<h2>Nos dates cl\u00e9s :<\/h2>\n\n\n\n<div class=\"wp-block-group\"><div class=\"wp-block-group__inner-container\">\n<ul><li>2011 &#8211; Cr\u00e9ation du premier Ecop\u00f4le alimentaire en r\u00e9gion d\u2019Audruicq<\/li><\/ul>\n\n\n\n<ul><li>2015 &#8211; Labellisation nationale \u00ab&nbsp;P\u00f4le territorial de Coop\u00e9ration Economique&nbsp;\u00bb. Laur\u00e9at national du PNA, 3 ann\u00e9es cons\u00e9cutives, pour ses diff\u00e9rentes actions, cat\u00e9gorie \u00ab&nbsp;justice sociale&nbsp;\u00bb&nbsp;<\/li><\/ul>\n\n\n\n<ul><li>2018 &#8211; Lancement d\u2019un deuxi\u00e8me Ecop\u00f4le en coeur de Bassin minier (l\u2019Ecop\u00f4le alimentaire de Gohelle). Cr\u00e9ation d\u2019un archipel nourricier ambitionnant la culture septentrionale de tous fruits&nbsp;<\/li><\/ul>\n\n\n\n<ul><li>2019 &#8211; Lancement sur le bassin minier \u00ab&nbsp;d\u2019une place \u00e0 vivres&nbsp;\u00bb (M\u00e9nadel et Saint-Hubert), maillon essentiel de la mise en soci\u00e9t\u00e9 sur les r\u00e9ponses alimentaires. Cr\u00e9ation de la <a href=\"https:\/\/lamanne.info\/\" data-type=\"URL\" data-id=\"https:\/\/lamanne.info\/\" target=\"_blank\" rel=\"noreferrer noopener\">MANNE<\/a> (Monnaie d\u2019une Autre Nature pour de Nouveaux Echanges) pour faciliter l\u2019accessibilit\u00e9 \u00e0 l\u2019alimentation durable&nbsp;<\/li><\/ul>\n\n\n\n<ul><li>2020 &#8211; Cr\u00e9ation d\u2019un troisi\u00e8me Ecop\u00f4le (Ecop\u00f4le alimentaire du Pays Tolosan) et mise en perspective avec le R\u00e9seau Cocagne d\u2019un programme de cr\u00e9ation de 20 \u00e9cop\u00f4les alimentaires. Cr\u00e9ation d\u2019un r\u00e9f\u00e9rentiel.<\/li><\/ul>\n<\/div><\/div>\n","protected":false},"excerpt":{"rendered":"<p>L\u2019Ecop\u00f4le alimentaire, p\u00f4le territorial de coop\u00e9ration \u00e9conomique (PTCE) labellis\u00e9 au plan national, est n\u00e9 en r\u00e9gion d\u2019Audruicq (62) avec le soutien de la Communaut\u00e9 de Communes de la R\u00e9gion d&#8217;Audruicq. Il a ensuite \u00e9t\u00e9 d\u00e9velopp\u00e9 en coeur de Bassin minier&nbsp; dans le cadre du Syst\u00e8me Alimentaire Territorial Durable de la Communaut\u00e9&nbsp;d\u2019Agglom\u00e9ration&nbsp;de Lens-Li\u00e9vin.L&#8217;Ecop\u00f4le alimentaire r\u00e9unit des &hellip; <\/p>\n<p class=\"link-more\"><a href=\"https:\/\/ecopolealimentaire.fr\/?page_id=7\" class=\"more-link\">Continue reading<span class=\"screen-reader-text\"> &#8220;Pr\u00e9sentation&#8221;<\/span><\/a><\/p>\n","protected":false},"author":1,"featured_media":0,"parent":0,"menu_order":0,"comment_status":"closed","ping_status":"closed","template":"","meta":[],"_links":{"self":[{"href":"https:\/\/ecopolealimentaire.fr\/index.php?rest_route=\/wp\/v2\/pages\/7"}],"collection":[{"href":"https:\/\/ecopolealimentaire.fr\/index.php?rest_route=\/wp\/v2\/pages"}],"about":[{"href":"https:\/\/ecopolealimentaire.fr\/index.php?rest_route=\/wp\/v2\/types\/page"}],"author":[{"embeddable":true,"href":"https:\/\/ecopolealimentaire.fr\/index.php?rest_route=\/wp\/v2\/users\/1"}],"replies":[{"embeddable":true,"href":"https:\/\/ecopolealimentaire.fr\/index.php?rest_route=%2Fwp%2Fv2%2Fcomments&post=7"}],"version-history":[{"count":12,"href":"https:\/\/ecopolealimentaire.fr\/index.php?rest_route=\/wp\/v2\/pages\/7\/revisions"}],"predecessor-version":[{"id":204,"href":"https:\/\/ecopolealimentaire.fr\/index.php?rest_route=\/wp\/v2\/pages\/7\/revisions\/204"}],"wp:attachment":[{"href":"https:\/\/ecopolealimentaire.fr\/index.php?rest_route=%2Fwp%2Fv2%2Fmedia&parent=7"}],"curies":[{"name":"wp","href":"https:\/\/api.w.org\/{rel}","templated":true}]}}