{"id":46,"date":"2021-02-01T23:12:46","date_gmt":"2021-02-01T22:12:46","guid":{"rendered":"http:\/\/ecopolealimentaire.fr\/?page_id=46"},"modified":"2022-03-10T15:22:16","modified_gmt":"2022-03-10T14:22:16","slug":"essaimage","status":"publish","type":"page","link":"https:\/\/ecopolealimentaire.fr\/?page_id=46","title":{"rendered":"D\u00e9ploiement"},"content":{"rendered":"\n<p>Hauts-de-France, Occitanie&#8230; l\u2019id\u00e9e de constituer un r\u00e9seau d\u2019Ecop\u00f4les alimentaires par d\u2019autres implantations en France fait son chemin.<em>\u00a0<\/em>\u00a0<\/p>\n\n\n\n<p>C\u2019est dans le cadre d\u2019une action du R\u00e9seau Cocagne que la diffusion est envisag\u00e9e. Le R\u00e9seau Cocagne est sp\u00e9cialis\u00e9 dans le support du mara\u00eechage biologique et d\u00e9veloppe depuis quelques ann\u00e9es des diversifications avec des plateformes de collecte et distribution, des unit\u00e9s de transformation.<\/p>\n\n\n\n<p>Ces services d\u2019insertion aux territoires agricoles se doublent plus r\u00e9cemment : d\u2019actions sociales en faveur d\u2019une plus grande accessibilit\u00e9 des publics pr\u00e9caires \u00e0 une alimentation durable et de qualit\u00e9 (tiers lieux, achats group\u00e9s, \u00e9piceries sociales etc.) ; mais aussi d\u2019une ouverture aux m\u00e9tiers de la fili\u00e8re aux personnes en parcours (couveuse d\u2019installation, unit\u00e9s mobiles de main d\u2019\u0153uvre&#8230;).&nbsp;<\/p>\n\n\n\n<p>C\u2019est donc tout naturellement que Cocagne entend profiter des &nbsp;potentialit\u00e9s servicielles de l\u2019IAE au service de projets alimentaires&nbsp;inclusifs en&nbsp;&nbsp;s\u2019appuyant sur un \u00e9cosyst\u00e8me coop\u00e9ratif riche et innovant comme celui des Ecop\u00f4les, et ainsi, participer \u00e0 la transition \u00e9cologique et sociale de l\u2019agro-alimentaire cr\u00e9atrice de nouveaux emplois durables et non d\u00e9localisables,&nbsp;ouverts \u00e0 d\u2019autres fonctionnalit\u00e9s du \u00ab bien vivre \u00bb en articulation avec des fili\u00e8res ou projets li\u00e9s \u00e0 l\u2019\u00e9conomie du r\u00e9-emploi, de la lutte contre le gaspillage, de l\u2019acc\u00e8s aux droits, du d\u00e9veloppement local en ruralit\u00e9 etc.&nbsp;<\/p>\n\n\n\n<p><a href=\"mailto:contact@ecopolealimentaire.fr\" data-type=\"mailto\" data-id=\"mailto:contact@ecopolealimentaire.fr\" target=\"_blank\" rel=\"noreferrer noopener\">S\u2019inscrire<\/a> \u00e0 une visite apprenante des \u00e9cop\u00f4les alimentaires d\u2019Audruicq et de Gohelle<br><\/p>\n\n\n\n<p><a href=\"mailto:devecoterritoires@reseaucocagne.asso.fr\" target=\"_blank\" rel=\"noreferrer noopener\">Prendre contact <\/a>avec le r\u00e9seau Cocagne en vue d\u2019un projet local d\u2019Ecop\u00f4le alimentaire<br><\/p>\n\n\n\n<p>Se rapprocher de l\u2019Ecop\u00f4le alimentaire en pays Tolosan : envoyer un mail <a href=\"mailto:ecopole-tolosan@cocagnehautegaronne.org\" target=\"_blank\" rel=\"noreferrer noopener\">ici<\/a><\/p>\n","protected":false},"excerpt":{"rendered":"<p>Hauts-de-France, Occitanie&#8230; l\u2019id\u00e9e de constituer un r\u00e9seau d\u2019Ecop\u00f4les alimentaires par d\u2019autres implantations en France fait son chemin.\u00a0\u00a0 C\u2019est dans le cadre d\u2019une action du R\u00e9seau Cocagne que la diffusion est envisag\u00e9e. Le R\u00e9seau Cocagne est sp\u00e9cialis\u00e9 dans le support du mara\u00eechage biologique et d\u00e9veloppe depuis quelques ann\u00e9es des diversifications avec des plateformes de collecte et &hellip; <\/p>\n<p class=\"link-more\"><a href=\"https:\/\/ecopolealimentaire.fr\/?page_id=46\" class=\"more-link\">Continue reading<span class=\"screen-reader-text\"> &#8220;D\u00e9ploiement&#8221;<\/span><\/a><\/p>\n","protected":false},"author":1,"featured_media":0,"parent":0,"menu_order":0,"comment_status":"closed","ping_status":"closed","template":"","meta":[],"_links":{"self":[{"href":"https:\/\/ecopolealimentaire.fr\/index.php?rest_route=\/wp\/v2\/pages\/46"}],"collection":[{"href":"https:\/\/ecopolealimentaire.fr\/index.php?rest_route=\/wp\/v2\/pages"}],"about":[{"href":"https:\/\/ecopolealimentaire.fr\/index.php?rest_route=\/wp\/v2\/types\/page"}],"author":[{"embeddable":true,"href":"https:\/\/ecopolealimentaire.fr\/index.php?rest_route=\/wp\/v2\/users\/1"}],"replies":[{"embeddable":true,"href":"https:\/\/ecopolealimentaire.fr\/index.php?rest_route=%2Fwp%2Fv2%2Fcomments&post=46"}],"version-history":[{"count":9,"href":"https:\/\/ecopolealimentaire.fr\/index.php?rest_route=\/wp\/v2\/pages\/46\/revisions"}],"predecessor-version":[{"id":188,"href":"https:\/\/ecopolealimentaire.fr\/index.php?rest_route=\/wp\/v2\/pages\/46\/revisions\/188"}],"wp:attachment":[{"href":"https:\/\/ecopolealimentaire.fr\/index.php?rest_route=%2Fwp%2Fv2%2Fmedia&parent=46"}],"curies":[{"name":"wp","href":"https:\/\/api.w.org\/{rel}","templated":true}]}}