{"id":167,"date":"2022-02-07T16:30:05","date_gmt":"2022-02-07T15:30:05","guid":{"rendered":"http:\/\/ecopolealimentaire.fr\/?page_id=167"},"modified":"2024-11-12T16:30:22","modified_gmt":"2024-11-12T15:30:22","slug":"ressources","status":"publish","type":"page","link":"https:\/\/ecopolealimentaire.fr\/?page_id=167","title":{"rendered":"Ressources"},"content":{"rendered":"\n<div class=\"wp-block-file\"><a href=\"http:\/\/ecopolealimentaire.fr\/wp-content\/uploads\/2023\/02\/Referentiel-Ecopole-Alimentaire_mis-en-page.pdf\">R\u00e9f\u00e9rentiel &#8220;Ecop\u00f4le Alimentaire&#8221;<\/a><a href=\"http:\/\/ecopolealimentaire.fr\/wp-content\/uploads\/2023\/02\/Referentiel-Ecopole-Alimentaire_mis-en-page.pdf\" class=\"wp-block-file__button\" download>T\u00e9l\u00e9charger<\/a><\/div>\n\n\n\n<div class=\"wp-block-file\"><a href=\"http:\/\/ecopolealimentaire.fr\/wp-content\/uploads\/2024\/11\/Charte-ecopole-alimentaire-Cocagne.pdf\">Charte \u00e9copole alimentaire Cocagne<\/a><a href=\"http:\/\/ecopolealimentaire.fr\/wp-content\/uploads\/2024\/11\/Charte-ecopole-alimentaire-Cocagne.pdf\" class=\"wp-block-file__button\" download>T\u00e9l\u00e9charger<\/a><\/div>\n\n\n\n<p>Vid\u00e9o du <a rel=\"noreferrer noopener\" href=\"http:\/\/www.reseaucocagne.asso.fr\/\" data-type=\"URL\" data-id=\"http:\/\/www.reseaucocagne.asso.fr\/\" target=\"_blank\">R\u00e9seau Cocagne<\/a> sur l&#8217;Ecop\u00f4le alimentaire de la r\u00e9gion d&#8217;Audruicq :<\/p>\n\n\n\n<figure class=\"wp-block-embed-youtube wp-block-embed is-type-video is-provider-youtube wp-embed-aspect-16-9 wp-has-aspect-ratio\"><div class=\"wp-block-embed__wrapper\">\n<iframe title=\"L&#039;\u00e9cop\u00f4le d&#039;Audruicq\" width=\"525\" height=\"295\" src=\"https:\/\/www.youtube.com\/embed\/TxZsMhGJfXE?start=4&#038;feature=oembed\" frameborder=\"0\" allow=\"accelerometer; autoplay; clipboard-write; encrypted-media; gyroscope; picture-in-picture; web-share\" referrerpolicy=\"strict-origin-when-cross-origin\" allowfullscreen><\/iframe>\n<\/div><\/figure>\n\n\n\n<p>Vid\u00e9o du <a rel=\"noreferrer noopener\" href=\"https:\/\/www.cerdd.org\/\" data-type=\"URL\" data-id=\"https:\/\/www.cerdd.org\/\" target=\"_blank\">CER<\/a><a href=\"https:\/\/www.cerdd.org\/\" data-type=\"URL\" data-id=\"https:\/\/www.cerdd.org\/\" target=\"_blank\" rel=\"noreferrer noopener\">D<\/a><a rel=\"noreferrer noopener\" href=\"https:\/\/www.cerdd.org\/\" data-type=\"URL\" data-id=\"https:\/\/www.cerdd.org\/\" target=\"_blank\">D<\/a> sur l&#8217;Ecop\u00f4le alimentaire de Gohelle :<\/p>\n\n\n\n<figure class=\"wp-block-embed-youtube wp-block-embed is-type-video is-provider-youtube wp-embed-aspect-16-9 wp-has-aspect-ratio\"><div class=\"wp-block-embed__wrapper\">\n<iframe title=\"\u00c9cop\u00f4le alimentaire de Gohelle\" width=\"525\" height=\"295\" src=\"https:\/\/www.youtube.com\/embed\/aGfFOBpSQTo?start=7&#038;feature=oembed\" frameborder=\"0\" allow=\"accelerometer; autoplay; clipboard-write; encrypted-media; gyroscope; picture-in-picture; web-share\" referrerpolicy=\"strict-origin-when-cross-origin\" allowfullscreen><\/iframe>\n<\/div><\/figure>\n\n\n\n<p>Vid\u00e9o du <a href=\"http:\/\/reseaucocagne.asso.fr(ouvre un nouvel onglet)\" target=\"_blank\" rel=\"noreferrer noopener\">R\u00e9seau Cocagne<\/a> sur l&#8217;Ecop\u00f4le alimentaire Nord Toulousain :<\/p>\n\n\n\n<figure class=\"wp-block-embed-youtube wp-block-embed is-type-video is-provider-youtube wp-embed-aspect-16-9 wp-has-aspect-ratio\"><div class=\"wp-block-embed__wrapper\">\n<iframe title=\"Ecopole du Nord Toulousain\" width=\"525\" height=\"295\" src=\"https:\/\/www.youtube.com\/embed\/7SnX4YV59SY?feature=oembed\" frameborder=\"0\" allow=\"accelerometer; autoplay; clipboard-write; encrypted-media; gyroscope; picture-in-picture; web-share\" referrerpolicy=\"strict-origin-when-cross-origin\" allowfullscreen><\/iframe>\n<\/div><\/figure>\n\n\n\n<div class=\"wp-block-file\"><a href=\"http:\/\/ecopolealimentaire.fr\/wp-content\/uploads\/2022\/03\/DiaposRelaisCocagne_nov2021.pdf\">Pr\u00e9sentation du Relais Cocagne Nord toulousain<\/a><a href=\"http:\/\/ecopolealimentaire.fr\/wp-content\/uploads\/2022\/03\/DiaposRelaisCocagne_nov2021.pdf\" class=\"wp-block-file__button\" download>T\u00e9l\u00e9charger<\/a><\/div>\n\n\n\n<div class=\"wp-block-file\"><a href=\"http:\/\/ecopolealimentaire.fr\/wp-content\/uploads\/2022\/03\/Plaquette-candidat-Pole-legumier-2022.pdf\">Pr\u00e9sentation des Jardins du Bacayrou (Haute-Garonne) <\/a><a href=\"http:\/\/ecopolealimentaire.fr\/wp-content\/uploads\/2022\/03\/Plaquette-candidat-Pole-legumier-2022.pdf\" class=\"wp-block-file__button\" download>T\u00e9l\u00e9charger<\/a><\/div>\n\n\n\n<div class=\"wp-block-file\"><a href=\"http:\/\/ecopolealimentaire.fr\/wp-content\/uploads\/2022\/03\/Prez-2p_JardinsduRicotier.pdf\">Pr\u00e9sentation des Jardins du Ricotier (Haute-Garonne)<\/a><a href=\"http:\/\/ecopolealimentaire.fr\/wp-content\/uploads\/2022\/03\/Prez-2p_JardinsduRicotier.pdf\" class=\"wp-block-file__button\" download>T\u00e9l\u00e9charger<\/a><\/div>\n\n\n\n<figure class=\"wp-block-image size-full\"><img loading=\"lazy\" width=\"927\" height=\"671\" src=\"http:\/\/ecopolealimentaire.fr\/wp-content\/uploads\/2022\/03\/Carte-France-Ecopoles.jpg\" alt=\"\" class=\"wp-image-227\" srcset=\"https:\/\/ecopolealimentaire.fr\/wp-content\/uploads\/2022\/03\/Carte-France-Ecopoles.jpg 927w, https:\/\/ecopolealimentaire.fr\/wp-content\/uploads\/2022\/03\/Carte-France-Ecopoles-300x217.jpg 300w, https:\/\/ecopolealimentaire.fr\/wp-content\/uploads\/2022\/03\/Carte-France-Ecopoles-768x556.jpg 768w\" sizes=\"(max-width: 767px) 89vw, (max-width: 1000px) 54vw, (max-width: 1071px) 543px, 580px\" \/><\/figure>\n","protected":false},"excerpt":{"rendered":"<p>Vid\u00e9o du R\u00e9seau Cocagne sur l&#8217;Ecop\u00f4le alimentaire de la r\u00e9gion d&#8217;Audruicq : Vid\u00e9o du CERDD sur l&#8217;Ecop\u00f4le alimentaire de Gohelle : Vid\u00e9o du R\u00e9seau Cocagne sur l&#8217;Ecop\u00f4le alimentaire Nord Toulousain :<\/p>\n","protected":false},"author":1,"featured_media":0,"parent":0,"menu_order":0,"comment_status":"closed","ping_status":"closed","template":"","meta":[],"_links":{"self":[{"href":"https:\/\/ecopolealimentaire.fr\/index.php?rest_route=\/wp\/v2\/pages\/167"}],"collection":[{"href":"https:\/\/ecopolealimentaire.fr\/index.php?rest_route=\/wp\/v2\/pages"}],"about":[{"href":"https:\/\/ecopolealimentaire.fr\/index.php?rest_route=\/wp\/v2\/types\/page"}],"author":[{"embeddable":true,"href":"https:\/\/ecopolealimentaire.fr\/index.php?rest_route=\/wp\/v2\/users\/1"}],"replies":[{"embeddable":true,"href":"https:\/\/ecopolealimentaire.fr\/index.php?rest_route=%2Fwp%2Fv2%2Fcomments&post=167"}],"version-history":[{"count":12,"href":"https:\/\/ecopolealimentaire.fr\/index.php?rest_route=\/wp\/v2\/pages\/167\/revisions"}],"predecessor-version":[{"id":271,"href":"https:\/\/ecopolealimentaire.fr\/index.php?rest_route=\/wp\/v2\/pages\/167\/revisions\/271"}],"wp:attachment":[{"href":"https:\/\/ecopolealimentaire.fr\/index.php?rest_route=%2Fwp%2Fv2%2Fmedia&parent=167"}],"curies":[{"name":"wp","href":"https:\/\/api.w.org\/{rel}","templated":true}]}}